{"id":6391,"date":"2020-01-22T08:46:23","date_gmt":"2020-01-22T11:46:23","guid":{"rendered":"http:\/\/www.granitos.com\/site\/?page_id=6391"},"modified":"2021-07-13T12:47:22","modified_gmt":"2021-07-13T15:47:22","slug":"granitos","status":"publish","type":"page","link":"https:\/\/www.granitos.com\/site\/granitos\/","title":{"rendered":"GRANITOS"},"content":{"rendered":"<section class=\"wpb-content-wrapper\"><p>[vc_row row_content_width=&#8221;grid&#8221; css=&#8221;.vc_custom_1539260945628{padding-top: 93px !important;padding-bottom: 118px !important;}&#8221;][vc_column width=&#8221;1\/4&#8243;]<div class=\"mkdf-elements-holder   mkdf-one-column  mkdf-responsive-mode-768 \" ><div class=\"mkdf-eh-item    \"  data-item-class=\"mkdf-eh-custom-7380\" data-1367-1600=\"0px 0%\" data-1025-1366=\"0px 0%\" data-769-1024=\"0px 4% 0px 0%\" data-681-768=\"2px 0%\" data-680=\"5px 0%\">\n\t<div class=\"mkdf-eh-item-inner\">\n\t\t<div class=\"mkdf-eh-item-content mkdf-eh-custom-7380\" style=\"padding: 0px 4% 0px 0%\">\n\t\t\t[vc_column_text]<strong>Surpreenda-se com as possibilidades deste cl\u00e1ssico da arquitetura.<\/strong>[\/vc_column_text]\t\t<\/div>\n\t<\/div>\n<\/div><\/div>[\/vc_column][vc_column width=&#8221;3\/4&#8243;]<div class=\"mkdf-elements-holder   mkdf-one-column  mkdf-responsive-mode-768 \" ><div class=\"mkdf-eh-item    \"  data-item-class=\"mkdf-eh-custom-3646\" data-1367-1600=\"0px 0%\" data-1025-1366=\"0px 0%\" data-769-1024=\"0px 4% 0px 0%\" data-681-768=\"2px 0%\" data-680=\"5px 0%\">\n\t<div class=\"mkdf-eh-item-inner\">\n\t\t<div class=\"mkdf-eh-item-content mkdf-eh-custom-3646\" style=\"padding: 0px 4% 0px 0%\">\n\t\t\t[vc_column_text]Os granitos s\u00e3o pedras naturais de grande durabilidade e resist\u00eancia, ideal para aplica\u00e7\u00f5es em \u00e1reas internas ou externas, mantendo suas propriedades e apar\u00eancia mesmo ap\u00f3s anos de uso. A variedade das pedras \u00e9 um dos fatores que fazem do material um sucesso, j\u00e1 que isso permite que se adequem a diferentes projetos.[\/vc_column_text]\t\t<\/div>\n\t<\/div>\n<\/div><\/div>[\/vc_column][\/vc_row][vc_row][vc_column]<div class=\"mkdf-elements-holder   mkdf-one-column  mkdf-responsive-mode-768 \" ><div class=\"mkdf-eh-item    \"  data-item-class=\"mkdf-eh-custom-1689\">\n\t<div class=\"mkdf-eh-item-inner\">\n\t\t<div class=\"mkdf-eh-item-content mkdf-eh-custom-1689\" >\n\t\t\t<div class=\"mkdf-image-gallery mkdf-grid-list mkdf-disable-bottom-space  mkdf-ig-grid-type mkdf-six-columns mkdf-small-space  mkdf-image-behavior-lightbox\">\n\t<div class=\"mkdf-ig-inner mkdf-outer-space\">\n\t\t\t\t\t<div class=\"mkdf-ig-image mkdf-item-space\">\n\t\t\t\t<div class=\"mkdf-ig-image-inner\">\n\t\t\t\t\t\t\t\t\t\t\t<a itemprop=\"image\" class=\"mkdf-ig-lightbox\" href=\"https:\/\/www.granitos.com\/site\/wp-content\/uploads\/2020\/01\/versa-branco_ceara_classic_ex.jpg\" data-rel=\"prettyPhoto[image_gallery_pretty_photo-664]\" title=\"versa-branco_ceara_classic_ex\">\n\t\t\t\t\t\t\t\t\t\t\t<img src=\"https:\/\/www.granitos.com\/site\/wp-content\/uploads\/2020\/01\/versa-branco_ceara_classic_ex-200x200.jpg\" alt=\"\" width=\"200\" height=\"200\" \/>\t\t\t\t\t\t\t\t\t\t\t<\/a>\n\t\t\t\t\t\t\t\t\t<\/div>\n\t\t\t<\/div>\n\t\t\t\t\t<div class=\"mkdf-ig-image mkdf-item-space\">\n\t\t\t\t<div class=\"mkdf-ig-image-inner\">\n\t\t\t\t\t\t\t\t\t\t\t<a itemprop=\"image\" class=\"mkdf-ig-lightbox\" href=\"https:\/\/www.granitos.com\/site\/wp-content\/uploads\/2020\/01\/versa-preto_absoluto.jpg\" data-rel=\"prettyPhoto[image_gallery_pretty_photo-664]\" title=\"versa-preto_absoluto\">\n\t\t\t\t\t\t\t\t\t\t\t<img src=\"https:\/\/www.granitos.com\/site\/wp-content\/uploads\/2020\/01\/versa-preto_absoluto-200x200.jpg\" alt=\"\" width=\"200\" height=\"200\" \/>\t\t\t\t\t\t\t\t\t\t\t<\/a>\n\t\t\t\t\t\t\t\t\t<\/div>\n\t\t\t<\/div>\n\t\t\t\t\t<div class=\"mkdf-ig-image mkdf-item-space\">\n\t\t\t\t<div class=\"mkdf-ig-image-inner\">\n\t\t\t\t\t\t\t\t\t\t\t<a itemprop=\"image\" class=\"mkdf-ig-lightbox\" href=\"https:\/\/www.granitos.com\/site\/wp-content\/uploads\/2020\/01\/versa-azul_noruegues.jpg\" data-rel=\"prettyPhoto[image_gallery_pretty_photo-664]\" title=\"versa-azul_noruegues\">\n\t\t\t\t\t\t\t\t\t\t\t<img src=\"https:\/\/www.granitos.com\/site\/wp-content\/uploads\/2020\/01\/versa-azul_noruegues-200x200.jpg\" alt=\"\" width=\"200\" height=\"200\" \/>\t\t\t\t\t\t\t\t\t\t\t<\/a>\n\t\t\t\t\t\t\t\t\t<\/div>\n\t\t\t<\/div>\n\t\t\t\t\t<div class=\"mkdf-ig-image mkdf-item-space\">\n\t\t\t\t<div class=\"mkdf-ig-image-inner\">\n\t\t\t\t\t\t\t\t\t\t\t<a itemprop=\"image\" class=\"mkdf-ig-lightbox\" href=\"https:\/\/www.granitos.com\/site\/wp-content\/uploads\/2020\/01\/versa-arezzo.jpg\" data-rel=\"prettyPhoto[image_gallery_pretty_photo-664]\" title=\"versa-arezzo\">\n\t\t\t\t\t\t\t\t\t\t\t<img src=\"https:\/\/www.granitos.com\/site\/wp-content\/uploads\/2020\/01\/versa-arezzo-200x200.jpg\" alt=\"\" width=\"200\" height=\"200\" \/>\t\t\t\t\t\t\t\t\t\t\t<\/a>\n\t\t\t\t\t\t\t\t\t<\/div>\n\t\t\t<\/div>\n\t\t\t\t\t<div class=\"mkdf-ig-image mkdf-item-space\">\n\t\t\t\t<div class=\"mkdf-ig-image-inner\">\n\t\t\t\t\t\t\t\t\t\t\t<a itemprop=\"image\" class=\"mkdf-ig-lightbox\" href=\"https:\/\/www.granitos.com\/site\/wp-content\/uploads\/2020\/01\/versa-duetto_escovado.jpg\" data-rel=\"prettyPhoto[image_gallery_pretty_photo-664]\" title=\"versa-duetto_escovado\">\n\t\t\t\t\t\t\t\t\t\t\t<img src=\"https:\/\/www.granitos.com\/site\/wp-content\/uploads\/2020\/01\/versa-duetto_escovado-200x200.jpg\" alt=\"\" width=\"200\" height=\"200\" \/>\t\t\t\t\t\t\t\t\t\t\t<\/a>\n\t\t\t\t\t\t\t\t\t<\/div>\n\t\t\t<\/div>\n\t\t\t\t\t<div class=\"mkdf-ig-image mkdf-item-space\">\n\t\t\t\t<div class=\"mkdf-ig-image-inner\">\n\t\t\t\t\t\t\t\t\t\t\t<a itemprop=\"image\" class=\"mkdf-ig-lightbox\" href=\"https:\/\/www.granitos.com\/site\/wp-content\/uploads\/2020\/01\/versa-matrix_escovado.jpg\" data-rel=\"prettyPhoto[image_gallery_pretty_photo-664]\" title=\"versa-matrix_escovado\">\n\t\t\t\t\t\t\t\t\t\t\t<img src=\"https:\/\/www.granitos.com\/site\/wp-content\/uploads\/2020\/01\/versa-matrix_escovado-200x200.jpg\" alt=\"\" width=\"200\" height=\"200\" \/>\t\t\t\t\t\t\t\t\t\t\t<\/a>\n\t\t\t\t\t\t\t\t\t<\/div>\n\t\t\t<\/div>\n\t\t\t\t\t<div class=\"mkdf-ig-image mkdf-item-space\">\n\t\t\t\t<div class=\"mkdf-ig-image-inner\">\n\t\t\t\t\t\t\t\t\t\t\t<a itemprop=\"image\" class=\"mkdf-ig-lightbox\" href=\"https:\/\/www.granitos.com\/site\/wp-content\/uploads\/2020\/01\/versa-matrix_polido.jpg\" data-rel=\"prettyPhoto[image_gallery_pretty_photo-664]\" title=\"versa-matrix_polido\">\n\t\t\t\t\t\t\t\t\t\t\t<img src=\"https:\/\/www.granitos.com\/site\/wp-content\/uploads\/2020\/01\/versa-matrix_polido-200x200.jpg\" alt=\"\" width=\"200\" height=\"200\" \/>\t\t\t\t\t\t\t\t\t\t\t<\/a>\n\t\t\t\t\t\t\t\t\t<\/div>\n\t\t\t<\/div>\n\t\t\t\t\t<div class=\"mkdf-ig-image mkdf-item-space\">\n\t\t\t\t<div class=\"mkdf-ig-image-inner\">\n\t\t\t\t\t\t\t\t\t\t\t<a itemprop=\"image\" class=\"mkdf-ig-lightbox\" href=\"https:\/\/www.granitos.com\/site\/wp-content\/uploads\/2021\/02\/Granito-Preto-Guaraciaba.jpg\" data-rel=\"prettyPhoto[image_gallery_pretty_photo-664]\" title=\"Granito Preto Guaraciaba\">\n\t\t\t\t\t\t\t\t\t\t\t<img src=\"https:\/\/www.granitos.com\/site\/wp-content\/uploads\/2021\/02\/Granito-Preto-Guaraciaba-200x200.jpg\" alt=\"\" width=\"200\" height=\"200\" \/>\t\t\t\t\t\t\t\t\t\t\t<\/a>\n\t\t\t\t\t\t\t\t\t<\/div>\n\t\t\t<\/div>\n\t\t\t\t\t<div class=\"mkdf-ig-image mkdf-item-space\">\n\t\t\t\t<div class=\"mkdf-ig-image-inner\">\n\t\t\t\t\t\t\t\t\t\t\t<a itemprop=\"image\" class=\"mkdf-ig-lightbox\" href=\"https:\/\/www.granitos.com\/site\/wp-content\/uploads\/2021\/02\/Granito-Patag\u00f4nia.jpg\" data-rel=\"prettyPhoto[image_gallery_pretty_photo-664]\" title=\"Granito Patag\u00f4nia\">\n\t\t\t\t\t\t\t\t\t\t\t<img src=\"https:\/\/www.granitos.com\/site\/wp-content\/uploads\/2021\/02\/Granito-Patag\u00f4nia-200x200.jpg\" alt=\"\" width=\"200\" height=\"200\" \/>\t\t\t\t\t\t\t\t\t\t\t<\/a>\n\t\t\t\t\t\t\t\t\t<\/div>\n\t\t\t<\/div>\n\t\t\t\t\t<div class=\"mkdf-ig-image mkdf-item-space\">\n\t\t\t\t<div class=\"mkdf-ig-image-inner\">\n\t\t\t\t\t\t\t\t\t\t\t<a itemprop=\"image\" class=\"mkdf-ig-lightbox\" href=\"https:\/\/www.granitos.com\/site\/wp-content\/uploads\/2021\/02\/Granito-Apuano.jpg\" data-rel=\"prettyPhoto[image_gallery_pretty_photo-664]\" title=\"Granito Apuano\">\n\t\t\t\t\t\t\t\t\t\t\t<img src=\"https:\/\/www.granitos.com\/site\/wp-content\/uploads\/2021\/02\/Granito-Apuano-200x200.jpg\" alt=\"\" width=\"200\" height=\"200\" \/>\t\t\t\t\t\t\t\t\t\t\t<\/a>\n\t\t\t\t\t\t\t\t\t<\/div>\n\t\t\t<\/div>\n\t\t\t<\/div>\n<\/div>\t\t<\/div>\n\t<\/div>\n<\/div><\/div>[\/vc_column][\/vc_row]<\/p>\n<\/section>","protected":false},"excerpt":{"rendered":"<p>[vc_row row_content_width=&#8221;grid&#8221; css=&#8221;.vc_custom_1539260945628{padding-top: 93px !important;padding-bottom: 118px !important;}&#8221;][vc_column width=&#8221;1\/4&#8243;][\/vc_column][vc_column width=&#8221;3\/4&#8243;][\/vc_column][\/vc_row][vc_row][vc_column][\/vc_column][\/vc_row]<\/p>\n","protected":false},"author":1,"featured_media":0,"parent":0,"menu_order":0,"comment_status":"closed","ping_status":"closed","template":"","meta":[],"_links":{"self":[{"href":"https:\/\/www.granitos.com\/site\/wp-json\/wp\/v2\/pages\/6391"}],"collection":[{"href":"https:\/\/www.granitos.com\/site\/wp-json\/wp\/v2\/pages"}],"about":[{"href":"https:\/\/www.granitos.com\/site\/wp-json\/wp\/v2\/types\/page"}],"author":[{"embeddable":true,"href":"https:\/\/www.granitos.com\/site\/wp-json\/wp\/v2\/users\/1"}],"replies":[{"embeddable":true,"href":"https:\/\/www.granitos.com\/site\/wp-json\/wp\/v2\/comments?post=6391"}],"version-history":[{"count":3,"href":"https:\/\/www.granitos.com\/site\/wp-json\/wp\/v2\/pages\/6391\/revisions"}],"predecessor-version":[{"id":6944,"href":"https:\/\/www.granitos.com\/site\/wp-json\/wp\/v2\/pages\/6391\/revisions\/6944"}],"wp:attachment":[{"href":"https:\/\/www.granitos.com\/site\/wp-json\/wp\/v2\/media?parent=6391"}],"curies":[{"name":"wp","href":"https:\/\/api.w.org\/{rel}","templated":true}]}}