{"id":6417,"date":"2020-01-22T10:43:36","date_gmt":"2020-01-22T13:43:36","guid":{"rendered":"http:\/\/www.granitos.com\/site\/?page_id=6417"},"modified":"2021-07-13T12:47:22","modified_gmt":"2021-07-13T15:47:22","slug":"sinecera","status":"publish","type":"page","link":"https:\/\/www.granitos.com\/site\/sinecera\/","title":{"rendered":"SINECERA"},"content":{"rendered":"<section class=\"wpb-content-wrapper\"><p>[vc_row row_content_width=&#8221;grid&#8221; css=&#8221;.vc_custom_1539260945628{padding-top: 93px !important;padding-bottom: 118px !important;}&#8221;][vc_column width=&#8221;1\/4&#8243;]<div class=\"mkdf-elements-holder   mkdf-one-column  mkdf-responsive-mode-768 \" ><div class=\"mkdf-eh-item    \"  data-item-class=\"mkdf-eh-custom-7482\" data-1367-1600=\"0px 0%\" data-1025-1366=\"0px 0%\" data-769-1024=\"0px 4% 0px 0%\" data-681-768=\"2px 0%\" data-680=\"5px 0%\">\n\t<div class=\"mkdf-eh-item-inner\">\n\t\t<div class=\"mkdf-eh-item-content mkdf-eh-custom-7482\" style=\"padding: 0px 4% 0px 0%\">\n\t\t\t[vc_column_text]<strong>\u00danico, assim como voc\u00ea.<\/strong>[\/vc_column_text]\t\t<\/div>\n\t<\/div>\n<\/div><\/div>[\/vc_column][vc_column width=&#8221;3\/4&#8243;]<div class=\"mkdf-elements-holder   mkdf-one-column  mkdf-responsive-mode-768 \" ><div class=\"mkdf-eh-item    \"  data-item-class=\"mkdf-eh-custom-5998\" data-1367-1600=\"0px 0%\" data-1025-1366=\"0px 0%\" data-769-1024=\"0px 4% 0px 0%\" data-681-768=\"2px 0%\" data-680=\"5px 0%\">\n\t<div class=\"mkdf-eh-item-inner\">\n\t\t<div class=\"mkdf-eh-item-content mkdf-eh-custom-5998\" style=\"padding: 0px 4% 0px 0%\">\n\t\t\t[vc_column_text]Sua imagina\u00e7\u00e3o \u00e9 \u00fanica e as possibilidades de cria\u00e7\u00e3o s\u00e3o infinitas. A Sinecera foi desenvolvida para criar projetos sofisticados e \u00fanicos.<br \/>\nDesafie sua criatividade a ir al\u00e9m, uma assinatura plural parta projetos singulares.[\/vc_column_text]\t\t<\/div>\n\t<\/div>\n<\/div><\/div>[\/vc_column][\/vc_row][vc_row][vc_column]<div class=\"mkdf-elements-holder   mkdf-one-column  mkdf-responsive-mode-768 \" ><div class=\"mkdf-eh-item    \"  data-item-class=\"mkdf-eh-custom-8673\">\n\t<div class=\"mkdf-eh-item-inner\">\n\t\t<div class=\"mkdf-eh-item-content mkdf-eh-custom-8673\" >\n\t\t\t<div class=\"mkdf-portfolio-list-holder mkdf-grid-list mkdf-disable-bottom-space mkdf-pl-gallery mkdf-two-columns mkdf-normal-space mkdf-pl-standard-shader    mkdf-pl-pag-no-pagination        \"  data-type=gallery data-number-of-columns=two data-space-between-items=normal data-number-of-items=-1 data-image-proportions=square data-enable-fixed-proportions=no data-enable-image-shadow=no data-category=sinecera data-orderby=date data-order=ASC data-item-style=standard-shader data-enable-title=yes data-title-tag=h4 data-enable-category=yes data-enable-count-images=yes data-enable-excerpt=no data-excerpt-length=20 data-pagination-type=no-pagination data-filter=no data-filter-order-by=name data-enable-article-animation=no data-enable-light-skin=no data-enable-parallax=no data-portfolio-slider-on=no data-enable-loop=yes data-enable-autoplay=yes data-slider-speed=5000 data-slider-speed-animation=600 data-enable-navigation=yes data-enable-pagination=yes data-max-num-pages=0 data-next-page=2>\n\t\n    \n        <div class=\"mkdf-pl-inner mkdf-outer-space  clearfix\">\n\n            \n<article class=\"mkdf-pl-item mkdf-item-space  post-935 portfolio-item type-portfolio-item status-publish has-post-thumbnail hentry portfolio-category-sinecera\">\n\t<div class=\"mkdf-pl-item-inner\" data-parallax=\"\">\n\t\t\r\n\t<div class=\"mkdf-pli-image\">\r\n\t\t<img width=\"650\" height=\"650\" src=\"https:\/\/www.granitos.com\/site\/wp-content\/uploads\/2018\/10\/Sacra-01-650x650.jpg\" class=\"attachment-quart_mikado_image_square size-quart_mikado_image_square wp-post-image\" alt=\"\" loading=\"lazy\" srcset=\"https:\/\/www.granitos.com\/site\/wp-content\/uploads\/2018\/10\/Sacra-01-650x650.jpg 650w, https:\/\/www.granitos.com\/site\/wp-content\/uploads\/2018\/10\/Sacra-01-150x150.jpg 150w, https:\/\/www.granitos.com\/site\/wp-content\/uploads\/2018\/10\/Sacra-01-1300x1300.jpg 1300w\" sizes=\"(max-width: 650px) 100vw, 650px\" \/>\t<\/div>\r\n\r\n\n<div class=\"mkdf-pli-text-holder\" >\n\t<div class=\"mkdf-pli-text-wrapper\">\n\t\t<div class=\"mkdf-pli-text\">\n\t\t\t\t\t<div class=\"mkdf-pli-category-holder\">\n\t\t\t\t\t\t\t<a itemprop=\"url\" class=\"mkdf-pli-category\" href=\"https:\/\/www.granitos.com\/site\/portfolio-category\/sinecera\/\">Sinecera<\/a>\n\t\t\t\t\t<\/div>\n\t\n\t\t\t\t<h4 itemprop=\"name\" class=\"mkdf-pli-title entry-title\" >\n\t\tSacra\t<\/h4>\n\n\t\t\t\t\t<\/div>\n\t<\/div>\n<\/div>\n\t\t<a itemprop=\"url\" class=\"mkdf-pli-link mkdf-block-drag-link\" href=\"https:\/\/www.granitos.com\/site\/portfolio-item\/sacra\/\" target=\"_self\"><\/a>\n\t<\/div>\n\n\t<\/article>\n<article class=\"mkdf-pl-item mkdf-item-space  post-3401 portfolio-item type-portfolio-item status-publish has-post-thumbnail hentry portfolio-category-sinecera\">\n\t<div class=\"mkdf-pl-item-inner\" data-parallax=\"\">\n\t\t\r\n\t<div class=\"mkdf-pli-image\">\r\n\t\t<img width=\"650\" height=\"650\" src=\"https:\/\/www.granitos.com\/site\/wp-content\/uploads\/2018\/10\/Lidia-Maciel-Sinecera-05-650x650.jpg\" class=\"attachment-quart_mikado_image_square size-quart_mikado_image_square wp-post-image\" alt=\"\" loading=\"lazy\" srcset=\"https:\/\/www.granitos.com\/site\/wp-content\/uploads\/2018\/10\/Lidia-Maciel-Sinecera-05-650x650.jpg 650w, https:\/\/www.granitos.com\/site\/wp-content\/uploads\/2018\/10\/Lidia-Maciel-Sinecera-05-150x150.jpg 150w\" sizes=\"(max-width: 650px) 100vw, 650px\" \/>\t<\/div>\r\n\r\n\n<div class=\"mkdf-pli-text-holder\" >\n\t<div class=\"mkdf-pli-text-wrapper\">\n\t\t<div class=\"mkdf-pli-text\">\n\t\t\t\t\t<div class=\"mkdf-pli-category-holder\">\n\t\t\t\t\t\t\t<a itemprop=\"url\" class=\"mkdf-pli-category\" href=\"https:\/\/www.granitos.com\/site\/portfolio-category\/sinecera\/\">Sinecera<\/a>\n\t\t\t\t\t<\/div>\n\t\n\t\t\t\t<h4 itemprop=\"name\" class=\"mkdf-pli-title entry-title\" >\n\t\tL\u00eddia Maciel &#8211; Sinecera\t<\/h4>\n\n\t\t\t\t\t<\/div>\n\t<\/div>\n<\/div>\n\t\t<a itemprop=\"url\" class=\"mkdf-pli-link mkdf-block-drag-link\" href=\"https:\/\/www.granitos.com\/site\/portfolio-item\/lidia-maciel-sinecera\/\" target=\"_self\"><\/a>\n\t<\/div>\n\n\t<\/article>        <\/div>\n\n    \t\n\t<\/div>\t\t<\/div>\n\t<\/div>\n<\/div><\/div>[\/vc_column][\/vc_row]<\/p>\n<\/section>","protected":false},"excerpt":{"rendered":"<p>[vc_row row_content_width=&#8221;grid&#8221; css=&#8221;.vc_custom_1539260945628{padding-top: 93px !important;padding-bottom: 118px !important;}&#8221;][vc_column width=&#8221;1\/4&#8243;][\/vc_column][vc_column width=&#8221;3\/4&#8243;][\/vc_column][\/vc_row][vc_row][vc_column][\/vc_column][\/vc_row]<\/p>\n","protected":false},"author":1,"featured_media":0,"parent":0,"menu_order":0,"comment_status":"closed","ping_status":"closed","template":"","meta":[],"_links":{"self":[{"href":"https:\/\/www.granitos.com\/site\/wp-json\/wp\/v2\/pages\/6417"}],"collection":[{"href":"https:\/\/www.granitos.com\/site\/wp-json\/wp\/v2\/pages"}],"about":[{"href":"https:\/\/www.granitos.com\/site\/wp-json\/wp\/v2\/types\/page"}],"author":[{"embeddable":true,"href":"https:\/\/www.granitos.com\/site\/wp-json\/wp\/v2\/users\/1"}],"replies":[{"embeddable":true,"href":"https:\/\/www.granitos.com\/site\/wp-json\/wp\/v2\/comments?post=6417"}],"version-history":[{"count":2,"href":"https:\/\/www.granitos.com\/site\/wp-json\/wp\/v2\/pages\/6417\/revisions"}],"predecessor-version":[{"id":6543,"href":"https:\/\/www.granitos.com\/site\/wp-json\/wp\/v2\/pages\/6417\/revisions\/6543"}],"wp:attachment":[{"href":"https:\/\/www.granitos.com\/site\/wp-json\/wp\/v2\/media?parent=6417"}],"curies":[{"name":"wp","href":"https:\/\/api.w.org\/{rel}","templated":true}]}}