{"id":7175,"date":"2022-05-27T22:45:25","date_gmt":"2022-05-28T01:45:25","guid":{"rendered":"https:\/\/www.granitos.com\/site\/?page_id=7175"},"modified":"2022-05-27T22:48:56","modified_gmt":"2022-05-28T01:48:56","slug":"produtos","status":"publish","type":"page","link":"https:\/\/www.granitos.com\/site\/produtos\/","title":{"rendered":"Produtos"},"content":{"rendered":"<section class=\"wpb-content-wrapper\"><p>[vc_row][vc_column][vc_empty_space height=&#8221;25px&#8221;]<div class=\"mkdf-elements-holder  mkdf-eh-full-height mkdf-one-column  mkdf-responsive-mode-768 \" ><div class=\"mkdf-eh-item    mkdf-grow-in\" style=\"background-image: url(https:\/\/www.granitos.com\/site\/wp-content\/uploads\/2020\/04\/cabecalho_marmore.jpg)\" data-item-class=\"mkdf-eh-custom-8359\" data-animation=\"mkdf-grow-in\">\n\t<div class=\"mkdf-eh-item-inner\">\n\t\t<div class=\"mkdf-eh-item-content mkdf-eh-custom-8359\" style=\"padding: 70px 9.2% 70px 9.2%\">\n\t\t\t[vc_column_text]<\/p>\n<h1><span style=\"color: #ffffff;\">TODA A EXCLUSIVIDADE DO M\u00c1RMORE<\/span><\/h1>\n<p>[\/vc_column_text][vc_column_text]<span style=\"color: #ffffff;\">Cada pe\u00e7a tem um toque \u00fanico e exclusivo<\/span><\/p>\n<p><a itemprop=\"url\" href=\"http:\/\/www.granitos.com\/site\/marmores\" target=\"_self\" style=\"color: #ffffff;border-color: #ffffff\" class=\"mkdf-btn mkdf-btn-medium mkdf-btn-outline mkdf-btn-icon\"  >\n    <span class=\"mkdf-btn-text\">Descubra<\/span>\n    <span aria-hidden=\"true\" class=\"mkdf-icon-font-elegant arrow_right-up \" ><\/span><\/a>[\/vc_column_text]\t\t<\/div>\n\t<\/div>\n<\/div><\/div>[\/vc_column][\/vc_row][vc_row][vc_column][vc_empty_space height=&#8221;25px&#8221;]<div class=\"mkdf-elements-holder  mkdf-eh-full-height mkdf-one-column  mkdf-responsive-mode-768 \" ><div class=\"mkdf-eh-item    mkdf-grow-in\" style=\"background-image: url(https:\/\/www.granitos.com\/site\/wp-content\/uploads\/2020\/04\/cabecalho_quartzo.jpg)\" data-item-class=\"mkdf-eh-custom-4782\" data-animation=\"mkdf-grow-in\">\n\t<div class=\"mkdf-eh-item-inner\">\n\t\t<div class=\"mkdf-eh-item-content mkdf-eh-custom-4782\" style=\"padding: 70px 9.2% 70px 9.2%\">\n\t\t\t[vc_column_text]<\/p>\n<h1><span style=\"color: #ffffff;\">A VERSATILIDADE DO QUARTZITO<\/span><\/h1>\n<p>[\/vc_column_text][vc_column_text]<span style=\"color: #ffffff;\">Toda a brasilidade e gama de cores de um pa\u00eds multicultural<\/span><\/p>\n<p><a itemprop=\"url\" href=\"http:\/\/www.granitos.com\/site\/quartzito\" target=\"_self\" style=\"color: #ffffff;border-color: #ffffff\" class=\"mkdf-btn mkdf-btn-medium mkdf-btn-outline mkdf-btn-icon\"  >\n    <span class=\"mkdf-btn-text\">Descubra<\/span>\n    <span aria-hidden=\"true\" class=\"mkdf-icon-font-elegant arrow_right-up \" ><\/span><\/a>[\/vc_column_text]\t\t<\/div>\n\t<\/div>\n<\/div><\/div>[\/vc_column][\/vc_row][vc_row][vc_column][vc_empty_space height=&#8221;25px&#8221;]<div class=\"mkdf-elements-holder  mkdf-eh-full-height mkdf-one-column  mkdf-responsive-mode-768 \" ><div class=\"mkdf-eh-item    mkdf-grow-in\" style=\"background-image: url(https:\/\/www.granitos.com\/site\/wp-content\/uploads\/2020\/01\/cabecalho_granitos.jpg)\" data-item-class=\"mkdf-eh-custom-3903\" data-animation=\"mkdf-grow-in\">\n\t<div class=\"mkdf-eh-item-inner\">\n\t\t<div class=\"mkdf-eh-item-content mkdf-eh-custom-3903\" style=\"padding: 70px 9.2% 70px 9.2%\">\n\t\t\t[vc_column_text]<\/p>\n<h1><span style=\"color: #ffffff;\">TODAS AS FACETAS DO GRANITO<\/span><\/h1>\n<p>[\/vc_column_text][vc_column_text]<span style=\"color: #ffffff;\">Surpreenda-se com as possibilidades deste classico da arquitetura<\/span><\/p>\n<p><a itemprop=\"url\" href=\"http:\/\/www.granitos.com\/site\/granitos\" target=\"_self\" style=\"color: #ffffff;border-color: #ffffff\" class=\"mkdf-btn mkdf-btn-medium mkdf-btn-outline mkdf-btn-icon\"  >\n    <span class=\"mkdf-btn-text\">Descubra<\/span>\n    <span aria-hidden=\"true\" class=\"mkdf-icon-font-elegant arrow_right-up \" ><\/span><\/a>[\/vc_column_text]\t\t<\/div>\n\t<\/div>\n<\/div><\/div>[\/vc_column][\/vc_row][vc_row][vc_column][vc_empty_space height=&#8221;25px&#8221;]<div class=\"mkdf-elements-holder  mkdf-eh-full-height mkdf-one-column  mkdf-responsive-mode-768 \" ><div class=\"mkdf-eh-item    mkdf-grow-in\" style=\"background-image: url(https:\/\/www.granitos.com\/site\/wp-content\/uploads\/2020\/01\/cabecalho_silestone.jpg)\" data-item-class=\"mkdf-eh-custom-9603\" data-animation=\"mkdf-grow-in\">\n\t<div class=\"mkdf-eh-item-inner\">\n\t\t<div class=\"mkdf-eh-item-content mkdf-eh-custom-9603\" style=\"padding: 70px 9.2% 70px 9.2%\">\n\t\t\t[vc_column_text]<\/p>\n<h1><span style=\"color: #ffffff;\">O UNIVERSO DO SILESTONE<\/span><\/h1>\n<p>[\/vc_column_text][vc_column_text]<span style=\"color: #ffffff;\">Vers\u00e1til e multiuso, conhe\u00e7a mais sobre esta superf\u00edcie<\/span><\/p>\n<p><a itemprop=\"url\" href=\"http:\/\/www.granitos.com\/site\/silestone\" target=\"_self\" style=\"color: #ffffff;border-color: #ffffff\" class=\"mkdf-btn mkdf-btn-medium mkdf-btn-outline mkdf-btn-icon\"  >\n    <span class=\"mkdf-btn-text\">Descubra<\/span>\n    <span aria-hidden=\"true\" class=\"mkdf-icon-font-elegant arrow_right-up \" ><\/span><\/a>[\/vc_column_text]\t\t<\/div>\n\t<\/div>\n<\/div><\/div>[\/vc_column][\/vc_row][vc_row][vc_column][vc_empty_space height=&#8221;25px&#8221;]<div class=\"mkdf-elements-holder  mkdf-eh-full-height mkdf-one-column  mkdf-responsive-mode-768 \" ><div class=\"mkdf-eh-item    mkdf-grow-in\" style=\"background-image: url(https:\/\/www.granitos.com\/site\/wp-content\/uploads\/2020\/01\/cabecalho_dekton.jpg)\" data-item-class=\"mkdf-eh-custom-1352\" data-animation=\"mkdf-grow-in\">\n\t<div class=\"mkdf-eh-item-inner\">\n\t\t<div class=\"mkdf-eh-item-content mkdf-eh-custom-1352\" style=\"padding: 70px 9.2% 70px 9.2%\">\n\t\t\t[vc_column_text]<\/p>\n<h1><span style=\"color: #ffffff;\">CONHE\u00c7A O DEKTON<\/span><\/h1>\n<p>[\/vc_column_text][vc_column_text]<span style=\"color: #ffffff;\">Saiba mais sobre esta superf\u00edcie revolucion\u00e1ria<\/span><\/p>\n<p><a itemprop=\"url\" href=\"http:\/\/www.granitos.com\/site\/dekton\" target=\"_self\" style=\"color: #ffffff;border-color: #ffffff\" class=\"mkdf-btn mkdf-btn-medium mkdf-btn-outline mkdf-btn-icon\"  >\n    <span class=\"mkdf-btn-text\">Descubra<\/span>\n    <span aria-hidden=\"true\" class=\"mkdf-icon-font-elegant arrow_right-up \" ><\/span><\/a>[\/vc_column_text]\t\t<\/div>\n\t<\/div>\n<\/div><\/div>[\/vc_column][\/vc_row][vc_row][vc_column offset=&#8221;vc_col-lg-5&#8243;]<div class=\"mkdf-elements-holder   mkdf-one-column  mkdf-responsive-mode-768 \" ><div class=\"mkdf-eh-item    \"  data-item-class=\"mkdf-eh-custom-3299\" data-769-1024=\"35px 0 37px 9%\" data-681-768=\"35px 0 37px 9%\" data-680=\"35px 0 37px 11%\">\n\t<div class=\"mkdf-eh-item-inner\">\n\t\t<div class=\"mkdf-eh-item-content mkdf-eh-custom-3299\" style=\"padding: 35px 0 37px 45%\">\n\t\t\t[vc_column_text]<\/p>\n<h4>F\u00c1BRICA<\/h4>\n<p>[\/vc_column_text][vc_empty_space height=&#8221;12px&#8221;][vc_column_text el_class=&#8221;home1pmargin&#8221;]54 3275 0044<br \/>\nrs 324 km 274\/35<br \/>\nnova ara\u00e7\u00e1 &#8211; rs[\/vc_column_text][vc_column_text]<a href=\"https:\/\/www.facebook.com\/granitoscom\/\" target=\"_blank\" rel=\"noopener noreferrer\"><img loading=\"lazy\" class=\"alignnone wp-image-7030\" src=\"http:\/\/www.granitos.com\/site\/wp-content\/uploads\/2021\/06\/icons8-facebook-512-300x300.png\" alt=\"\" width=\"50\" height=\"50\" srcset=\"https:\/\/www.granitos.com\/site\/wp-content\/uploads\/2021\/06\/icons8-facebook-512-300x300.png 300w, https:\/\/www.granitos.com\/site\/wp-content\/uploads\/2021\/06\/icons8-facebook-512-150x150.png 150w, https:\/\/www.granitos.com\/site\/wp-content\/uploads\/2021\/06\/icons8-facebook-512.png 350w\" sizes=\"(max-width: 50px) 100vw, 50px\" \/><\/a>\u00a0 \u00a0 <a href=\"https:\/\/www.instagram.com\/granitoscom\/\" target=\"_blank\" rel=\"noopener noreferrer\"><img loading=\"lazy\" class=\"alignnone wp-image-7031\" src=\"http:\/\/www.granitos.com\/site\/wp-content\/uploads\/2021\/06\/icons8-instagram-512-300x300.png\" alt=\"\" width=\"50\" height=\"50\" srcset=\"https:\/\/www.granitos.com\/site\/wp-content\/uploads\/2021\/06\/icons8-instagram-512-300x300.png 300w, https:\/\/www.granitos.com\/site\/wp-content\/uploads\/2021\/06\/icons8-instagram-512-150x150.png 150w, https:\/\/www.granitos.com\/site\/wp-content\/uploads\/2021\/06\/icons8-instagram-512.png 350w\" sizes=\"(max-width: 50px) 100vw, 50px\" \/><\/a>[\/vc_column_text]\t\t<\/div>\n\t<\/div>\n<\/div><\/div>[\/vc_column][vc_column offset=&#8221;vc_col-lg-7&#8243;]<div class=\"mkdf-elements-holder   mkdf-one-column  mkdf-responsive-mode-768 \" ><div class=\"mkdf-eh-item    \"  data-item-class=\"mkdf-eh-custom-5734\" data-769-1024=\"43px 32% 0 9%\" data-681-768=\"43px 32% 0 9%\" data-680=\"47px 7% 0 11%\">\n\t<div class=\"mkdf-eh-item-inner\">\n\t\t<div class=\"mkdf-eh-item-content mkdf-eh-custom-5734\" style=\"padding: 43px 32% 0 5.5%\">\n\t\t\t<div role=\"form\" class=\"wpcf7\" id=\"wpcf7-f6-o1\" lang=\"pt-BR\" dir=\"ltr\">\n<div class=\"screen-reader-response\"><p role=\"status\" aria-live=\"polite\" aria-atomic=\"true\"><\/p> <ul><\/ul><\/div>\n<form action=\"\/site\/wp-json\/wp\/v2\/pages\/7175#wpcf7-f6-o1\" method=\"post\" class=\"wpcf7-form init cf7_custom_style_1\" novalidate=\"novalidate\" data-status=\"init\">\n<div style=\"display: none;\">\n<input type=\"hidden\" name=\"_wpcf7\" value=\"6\" \/>\n<input type=\"hidden\" name=\"_wpcf7_version\" value=\"5.5.6.1\" \/>\n<input type=\"hidden\" name=\"_wpcf7_locale\" value=\"pt_BR\" \/>\n<input type=\"hidden\" name=\"_wpcf7_unit_tag\" value=\"wpcf7-f6-o1\" \/>\n<input type=\"hidden\" name=\"_wpcf7_container_post\" value=\"0\" \/>\n<input type=\"hidden\" name=\"_wpcf7_posted_data_hash\" value=\"\" \/>\n<input type=\"hidden\" name=\"_wpcf7_recaptcha_response\" value=\"\" \/>\n<\/div>\n<p><span class=\"wpcf7-form-control-wrap nome\"><input type=\"text\" name=\"nome\" value=\"\" size=\"40\" class=\"wpcf7-form-control wpcf7-text wpcf7-validates-as-required\" aria-required=\"true\" aria-invalid=\"false\" placeholder=\"Nome\" \/><\/span><br \/>\n<span class=\"wpcf7-form-control-wrap email\"><input type=\"email\" name=\"email\" value=\"\" size=\"40\" class=\"wpcf7-form-control wpcf7-text wpcf7-email wpcf7-validates-as-required wpcf7-validates-as-email\" aria-required=\"true\" aria-invalid=\"false\" placeholder=\"e-mail\" \/><\/span><br \/>\n<span class=\"wpcf7-form-control-wrap telefone\"><input type=\"text\" name=\"telefone\" value=\"\" size=\"40\" class=\"wpcf7-form-control wpcf7-text wpcf7-validates-as-required\" aria-required=\"true\" aria-invalid=\"false\" placeholder=\"telefone\" \/><\/span><br \/>\n<span class=\"wpcf7-form-control-wrap mensagem\"><textarea name=\"mensagem\" cols=\"40\" rows=\"1\" class=\"wpcf7-form-control wpcf7-textarea\" aria-invalid=\"false\" placeholder=\"mensagem\"><\/textarea><\/span><\/p>\n\n<p><button type=\"submit\" class=\"wpcf7-form-control wpcf7-submit mkdf-btn mkdf-btn-medium mkdf-btn-outline mkdf-btn-icon\"><span class=\"mkdf-btn-text\">Enviar<\/span><\/button><\/p>\n<p style=\"display: none !important;\" class=\"akismet-fields-container\" data-prefix=\"_wpcf7_ak_\"><label>&#916;<textarea name=\"_wpcf7_ak_hp_textarea\" cols=\"45\" rows=\"8\" maxlength=\"100\"><\/textarea><\/label><input type=\"hidden\" id=\"ak_js_1\" name=\"_wpcf7_ak_js\" value=\"237\"\/><script>document.getElementById( \"ak_js_1\" ).setAttribute( \"value\", ( new Date() ).getTime() );<\/script><\/p><div class=\"wpcf7-response-output\" aria-hidden=\"true\"><\/div><\/form><\/div>\t\t<\/div>\n\t<\/div>\n<\/div><\/div>[\/vc_column][\/vc_row][vc_row][vc_column]<div class=\"mkdf-elements-holder   mkdf-one-column  mkdf-responsive-mode-768 \" ><div class=\"mkdf-eh-item    \"  data-item-class=\"mkdf-eh-custom-1098\" data-1367-1600=\"160px 2.2% 30px\" data-1025-1366=\"160px 2.3% 30px\" data-769-1024=\"160px 2.8% 30px\" data-681-768=\"160px 3.8% 30px\" data-680=\"120px 7.3% 30px\">\n\t<div class=\"mkdf-eh-item-inner\">\n\t\t<div class=\"mkdf-eh-item-content mkdf-eh-custom-1098\" style=\"padding: 160px 1.6% 30px\">\n\t\t\t[vc_widget_sidebar sidebar_id=&#8221;instagram-widget-area&#8221;]\t\t<\/div>\n\t<\/div>\n<\/div><\/div>[\/vc_column][\/vc_row]<\/p>\n<\/section>","protected":false},"excerpt":{"rendered":"<p>[vc_row][vc_column][vc_empty_space height=&#8221;25px&#8221;][\/vc_column][\/vc_row][vc_row][vc_column][vc_empty_space height=&#8221;25px&#8221;][\/vc_column][\/vc_row][vc_row][vc_column][vc_empty_space height=&#8221;25px&#8221;][\/vc_column][\/vc_row][vc_row][vc_column][vc_empty_space height=&#8221;25px&#8221;][\/vc_column][\/vc_row][vc_row][vc_column][vc_empty_space height=&#8221;25px&#8221;][\/vc_column][\/vc_row][vc_row][vc_column offset=&#8221;vc_col-lg-5&#8243;][\/vc_column][vc_column offset=&#8221;vc_col-lg-7&#8243;][\/vc_column][\/vc_row][vc_row][vc_column][\/vc_column][\/vc_row]<\/p>\n","protected":false},"author":1,"featured_media":0,"parent":0,"menu_order":0,"comment_status":"closed","ping_status":"closed","template":"full-width.php","meta":[],"_links":{"self":[{"href":"https:\/\/www.granitos.com\/site\/wp-json\/wp\/v2\/pages\/7175"}],"collection":[{"href":"https:\/\/www.granitos.com\/site\/wp-json\/wp\/v2\/pages"}],"about":[{"href":"https:\/\/www.granitos.com\/site\/wp-json\/wp\/v2\/types\/page"}],"author":[{"embeddable":true,"href":"https:\/\/www.granitos.com\/site\/wp-json\/wp\/v2\/users\/1"}],"replies":[{"embeddable":true,"href":"https:\/\/www.granitos.com\/site\/wp-json\/wp\/v2\/comments?post=7175"}],"version-history":[{"count":3,"href":"https:\/\/www.granitos.com\/site\/wp-json\/wp\/v2\/pages\/7175\/revisions"}],"predecessor-version":[{"id":7184,"href":"https:\/\/www.granitos.com\/site\/wp-json\/wp\/v2\/pages\/7175\/revisions\/7184"}],"wp:attachment":[{"href":"https:\/\/www.granitos.com\/site\/wp-json\/wp\/v2\/media?parent=7175"}],"curies":[{"name":"wp","href":"https:\/\/api.w.org\/{rel}","templated":true}]}}