{"id":7248,"date":"2022-06-02T16:17:25","date_gmt":"2022-06-02T19:17:25","guid":{"rendered":"https:\/\/www.granitos.com\/site\/?page_id=7248"},"modified":"2022-06-02T16:17:25","modified_gmt":"2022-06-02T19:17:25","slug":"exportacao","status":"publish","type":"page","link":"https:\/\/www.granitos.com\/site\/exportacao\/","title":{"rendered":"Exporta\u00e7\u00e3o"},"content":{"rendered":"<section class=\"wpb-content-wrapper\"><p>[vc_row][vc_column]<div class=\"mkdf-elements-holder  mkdf-eh-full-height mkdf-one-column  mkdf-responsive-mode-768 \" ><div class=\"mkdf-eh-item    mkdf-grow-in\" style=\"background-image: url(https:\/\/www.granitos.com\/site\/wp-content\/uploads\/2022\/06\/bg_exportacao.jpg)\" data-item-class=\"mkdf-eh-custom-9246\" data-animation=\"mkdf-grow-in\">\n\t<div class=\"mkdf-eh-item-inner\">\n\t\t<div class=\"mkdf-eh-item-content mkdf-eh-custom-9246\" style=\"padding: 250px 9.2% 250px 9.2%\">\n\t\t\t[vc_column_text]<\/p>\n<h2 style=\"text-align: center;\"><span style=\"color: #ffffff;\">A RIQUEZA NATURAL<br \/>\nE CULTURAL DO BRASIL<\/span><\/h2>\n<p style=\"text-align: center;\"><span style=\"color: #ffffff;\">A granitos.com \u00e9 uma empresa especializada em transformar pedras naturais, como m\u00e1rmores e granitos, em produtos e projetos funcionais.<\/span><\/p>\n<p>[\/vc_column_text]\t\t<\/div>\n\t<\/div>\n<\/div><\/div>[\/vc_column][\/vc_row][vc_row row_content_width=&#8221;grid&#8221;][vc_column width=&#8221;5\/12&#8243;]<div class=\"mkdf-elements-holder   mkdf-one-column  mkdf-responsive-mode-768 \" ><div class=\"mkdf-eh-item    \"  data-item-class=\"mkdf-eh-custom-9745\" data-1367-1600=\"130px 17.7% 120px\" data-1025-1366=\"115px 14% 100px\" data-769-1024=\"0px 11.2% 100px\" data-681-768=\"83px 9% 35px\" data-680=\"62px 0% 22px 8%\">\n\t<div class=\"mkdf-eh-item-inner\">\n\t\t<div class=\"mkdf-eh-item-content mkdf-eh-custom-9745\" style=\"padding: 0px 0px 0px 0px\">\n\t\t\t[vc_column_text]<\/p>\n<h4><strong>PEDRAS NATURAIS BRASILEIRAS<\/strong><\/h4>\n<p>Nas artes, na literatura, na arquitetura ou no design:<br \/>\na natureza sempre fornece inspira\u00e7\u00e3o para grandes cria\u00e7\u00f5es! Valorizando a riqueza natural do Brasil, a granitos.com alia a paix\u00e3o pela natureza, com t\u00e9cnicas exclusivas e equipamentos de \u00faltima gera\u00e7\u00e3o, para extrair, tratar e lapidar cuidadosamente cada pe\u00e7a, respeitando a natureza em cada detalhe.<\/p>\n<p>Quando agregamos a pedra natural aos ambientes, estamos falando de exclusividade, criamos um lugar com hist\u00f3ria e energia vital!<\/p>\n<p>A granitos.com d\u00e1 vida a ambientes personalizados cheios de charme e eleg\u00e2ncia, valorizando a riqueza natural do Brasil, com os quais \u00e9 poss\u00edvel criar experi\u00eancias \u00fanicas, despertar emo\u00e7\u00f5es, contar hist\u00f3rias e muito mais&#8230;[\/vc_column_text][vc_empty_space height=&#8221;55px&#8221;]\t\t<\/div>\n\t<\/div>\n<\/div><\/div>[\/vc_column][vc_column width=&#8221;7\/12&#8243; css=&#8221;.vc_custom_1653933477216{padding-top: 0px !important;padding-right: 0px !important;padding-bottom: 0px !important;padding-left: 0px !important;background-image: url(http:\/\/www.granitos.com\/site\/wp-content\/uploads\/2022\/05\/bg_row.jpg?id=7220) !important;}&#8221;]<div class=\"mkdf-elements-holder   mkdf-one-column  mkdf-responsive-mode-768 \" ><div class=\"mkdf-eh-item    \"  data-item-class=\"mkdf-eh-custom-2007\" data-1367-1600=\"130px 17.7% 120px\" data-1025-1366=\"115px 14% 100px\" data-769-1024=\"0px 11.2% 100px\" data-681-768=\"83px 9% 35px\" data-680=\"62px 0% 22px 8%\">\n\t<div class=\"mkdf-eh-item-inner\">\n\t\t<div class=\"mkdf-eh-item-content mkdf-eh-custom-2007\" style=\"padding: 0px 0px 0px 0px\">\n\t\t\t[vc_single_image image=&#8221;7250&#8243; img_size=&#8221;full&#8221; css=&#8221;.vc_custom_1654197396468{padding-right: 50px !important;}&#8221;]\t\t<\/div>\n\t<\/div>\n<\/div><\/div>[\/vc_column][\/vc_row][vc_row row_content_width=&#8221;grid&#8221; content_text_aligment=&#8221;left&#8221;][vc_column]<div class=\"mkdf-elements-holder   mkdf-one-column  mkdf-responsive-mode-768 \" ><div class=\"mkdf-eh-item    \"  data-item-class=\"mkdf-eh-custom-8167\">\n\t<div class=\"mkdf-eh-item-inner\">\n\t\t<div class=\"mkdf-eh-item-content mkdf-eh-custom-8167\" >\n\t\t\t[vc_empty_space height=&#8221;100px&#8221;][vc_column_text]Com t\u00e9cnicas exclusivas, alta tecnologia, investindo em design e projetos ousados, a granitos.com transforma pedras naturais, como m\u00e1rmores e granitos, e atua tamb\u00e9m com o Silestone e o Dekton, refer\u00eancia em materiais que j\u00e1 se consolidaram no mercado e do mundo do design. Cada pe\u00e7a tem seu toque \u00fanico e exclusivo.[\/vc_column_text][vc_empty_space height=&#8221;50px&#8221;][vc_images_carousel images=&#8221;7237,7238,7239&#8243; img_size=&#8221;full&#8221; onclick=&#8221;custom_link&#8221; slides_per_view=&#8221;2&#8243; autoplay=&#8221;yes&#8221; partial_view=&#8221;yes&#8221; wrap=&#8221;yes&#8221; custom_links=&#8221;#E-8_aHR0cCUzQSUyRiUyRnd3dy5ncmFuaXRvcy5jb20lMkZzaXRlJTJGcHJvZHV0b3MlMkYlMkNodHRwJTNBJTJGJTJGd3d3LmdyYW5pdG9zLmNvbSUyRnNpdGUlMkZwcm9kdXRvcyUyRiUyQ2h0dHAlM0ElMkYlMkZ3d3cuZ3Jhbml0b3MuY29tJTJGc2l0ZSUyRnByb2R1dG9zJTJG&#8221;][vc_empty_space height=&#8221;55px&#8221;]\t\t<\/div>\n\t<\/div>\n<\/div><\/div>[\/vc_column][\/vc_row][vc_row][vc_column]<div class=\"mkdf-elements-holder  mkdf-eh-full-height mkdf-one-column  mkdf-responsive-mode-768 \" ><div class=\"mkdf-eh-item    mkdf-grow-in\" style=\"background-image: url(https:\/\/www.granitos.com\/site\/wp-content\/uploads\/2022\/05\/bg_narureza.jpg)\" data-item-class=\"mkdf-eh-custom-5374\" data-animation=\"mkdf-grow-in\">\n\t<div class=\"mkdf-eh-item-inner\">\n\t\t<div class=\"mkdf-eh-item-content mkdf-eh-custom-5374\" style=\"padding: 250px 9.2% 250px 9.2%\">\n\t\t\t[vc_column_text]<\/p>\n<h2 style=\"text-align: center;\"><span style=\"color: #ffffff;\"><strong>A NATUREZA<\/strong> COMO VOC\u00ca NUNCA VIU<\/span><\/h2>\n<p style=\"text-align: center;\"><a itemprop=\"url\" href=\"http:\/\/www.granitos.com\/site\/produtos\" target=\"_self\" style=\"color: #000000;background-color: #ffffff;border-color: #ffffff\" class=\"mkdf-btn mkdf-btn-medium mkdf-btn-solid\"  >\n    <span class=\"mkdf-btn-text\">Ver Prdotutos<\/span>\n    <\/a><\/p>\n<p>[\/vc_column_text]\t\t<\/div>\n\t<\/div>\n<\/div><\/div>[\/vc_column][\/vc_row][vc_row][vc_column offset=&#8221;vc_col-lg-5&#8243;]<div class=\"mkdf-elements-holder   mkdf-one-column  mkdf-responsive-mode-768 \" ><div class=\"mkdf-eh-item    \"  data-item-class=\"mkdf-eh-custom-9943\" data-769-1024=\"35px 0 37px 9%\" data-681-768=\"35px 0 37px 9%\" data-680=\"35px 0 37px 11%\">\n\t<div class=\"mkdf-eh-item-inner\">\n\t\t<div class=\"mkdf-eh-item-content mkdf-eh-custom-9943\" style=\"padding: 35px 0 37px 45%\">\n\t\t\t[vc_column_text]<\/p>\n<h4><strong>\u00danico como voc\u00ea<\/strong><\/h4>\n<p>[\/vc_column_text][vc_separator color=&#8221;black&#8221; align=&#8221;align_left&#8221; border_width=&#8221;4&#8243; el_width=&#8221;10&#8243;]\t\t<\/div>\n\t<\/div>\n<\/div><\/div>[\/vc_column][vc_column offset=&#8221;vc_col-lg-7&#8243;]<div class=\"mkdf-elements-holder   mkdf-one-column  mkdf-responsive-mode-768 \" ><div class=\"mkdf-eh-item    \"  data-item-class=\"mkdf-eh-custom-3159\" data-769-1024=\"43px 32% 0 9%\" data-681-768=\"43px 32% 0 9%\" data-680=\"47px 7% 0 11%\">\n\t<div class=\"mkdf-eh-item-inner\">\n\t\t<div class=\"mkdf-eh-item-content mkdf-eh-custom-3159\" style=\"padding: 43px 32% 0 5.5%\">\n\t\t\t[vc_column_text]<img loading=\"lazy\" class=\"alignnone wp-image-7191 size-medium\" src=\"http:\/\/www.granitos.com\/site\/wp-content\/uploads\/2022\/05\/logo_granitos.com_-300x42.png\" alt=\"\" width=\"300\" height=\"42\" srcset=\"https:\/\/www.granitos.com\/site\/wp-content\/uploads\/2022\/05\/logo_granitos.com_-300x42.png 300w, https:\/\/www.granitos.com\/site\/wp-content\/uploads\/2022\/05\/logo_granitos.com_-1024x144.png 1024w, https:\/\/www.granitos.com\/site\/wp-content\/uploads\/2022\/05\/logo_granitos.com_-768x108.png 768w, https:\/\/www.granitos.com\/site\/wp-content\/uploads\/2022\/05\/logo_granitos.com_-1536x216.png 1536w, https:\/\/www.granitos.com\/site\/wp-content\/uploads\/2022\/05\/logo_granitos.com_.png 1920w\" sizes=\"(max-width: 300px) 100vw, 300px\" \/>[\/vc_column_text]\t\t<\/div>\n\t<\/div>\n<\/div><\/div>[\/vc_column][\/vc_row][vc_row][vc_column offset=&#8221;vc_col-lg-5&#8243;]<div class=\"mkdf-elements-holder   mkdf-one-column  mkdf-responsive-mode-768 \" ><div class=\"mkdf-eh-item    \"  data-item-class=\"mkdf-eh-custom-8942\" data-769-1024=\"35px 0 37px 9%\" data-681-768=\"35px 0 37px 9%\" data-680=\"35px 0 37px 11%\">\n\t<div class=\"mkdf-eh-item-inner\">\n\t\t<div class=\"mkdf-eh-item-content mkdf-eh-custom-8942\" style=\"padding: 35px 0 37px 45%\">\n\t\t\t[vc_column_text]<\/p>\n<h3><strong>F\u00c1BRICA<\/strong><\/h3>\n<p>[\/vc_column_text][vc_empty_space height=&#8221;25px&#8221;][vc_column_text el_class=&#8221;home1pmargin&#8221;]54 3275 0044<br \/>\nrs 324 km 274\/35<br \/>\nnova ara\u00e7\u00e1 &#8211; rs[\/vc_column_text][vc_column_text]<a href=\"https:\/\/www.facebook.com\/granitoscom\/\"><img loading=\"lazy\" class=\"alignnone wp-image-7192\" src=\"http:\/\/www.granitos.com\/site\/wp-content\/uploads\/2022\/05\/icon_face.png\" alt=\"\" width=\"50\" height=\"50\" \/><\/a> \u00a0 \u00a0 <a href=\"https:\/\/www.instagram.com\/granitoscom\/\" target=\"_blank\" rel=\"noopener noreferrer\"><img loading=\"lazy\" class=\"alignnone wp-image-7193\" src=\"http:\/\/www.granitos.com\/site\/wp-content\/uploads\/2022\/05\/icon_instagram.png\" alt=\"\" width=\"50\" height=\"50\" \/><\/a>\u00a0 \u00a0 \u00a0<a href=\"https:\/\/api.whatsapp.com\/send?phone=555432750044\"><img loading=\"lazy\" class=\"alignnone wp-image-7194\" src=\"http:\/\/www.granitos.com\/site\/wp-content\/uploads\/2022\/05\/icon_whats.png\" alt=\"\" width=\"50\" height=\"50\" \/><\/a>[\/vc_column_text][vc_empty_space height=&#8221;45px&#8221;][vc_column_text]<\/p>\n<h4><strong>Nossos parceiros<\/strong><\/h4>\n<p>[\/vc_column_text][vc_separator color=&#8221;black&#8221; align=&#8221;align_left&#8221; border_width=&#8221;4&#8243; el_width=&#8221;10&#8243;][vc_empty_space height=&#8221;15px&#8221;][vc_column_text]<img loading=\"lazy\" class=\"alignnone wp-image-7196\" src=\"http:\/\/www.granitos.com\/site\/wp-content\/uploads\/2022\/05\/logo_dekton-300x246.png\" alt=\"\" width=\"100\" height=\"82\" srcset=\"https:\/\/www.granitos.com\/site\/wp-content\/uploads\/2022\/05\/logo_dekton-300x246.png 300w, https:\/\/www.granitos.com\/site\/wp-content\/uploads\/2022\/05\/logo_dekton.png 390w\" sizes=\"(max-width: 100px) 100vw, 100px\" \/>\u00a0 \u00a0 \u00a0<img loading=\"lazy\" class=\"alignnone wp-image-7197\" src=\"http:\/\/www.granitos.com\/site\/wp-content\/uploads\/2022\/05\/logo_silestone-300x246.png\" alt=\"\" width=\"100\" height=\"82\" srcset=\"https:\/\/www.granitos.com\/site\/wp-content\/uploads\/2022\/05\/logo_silestone-300x246.png 300w, https:\/\/www.granitos.com\/site\/wp-content\/uploads\/2022\/05\/logo_silestone.png 390w\" sizes=\"(max-width: 100px) 100vw, 100px\" \/>[\/vc_column_text]\t\t<\/div>\n\t<\/div>\n<\/div><\/div>[\/vc_column][vc_column offset=&#8221;vc_col-lg-7&#8243;]<div class=\"mkdf-elements-holder   mkdf-one-column  mkdf-responsive-mode-768 \" ><div class=\"mkdf-eh-item    \"  data-item-class=\"mkdf-eh-custom-3978\" data-769-1024=\"43px 32% 0 9%\" data-681-768=\"43px 32% 0 9%\" data-680=\"47px 7% 0 11%\">\n\t<div class=\"mkdf-eh-item-inner\">\n\t\t<div class=\"mkdf-eh-item-content mkdf-eh-custom-3978\" style=\"padding: 43px 32% 0 5.5%\">\n\t\t\t<div role=\"form\" class=\"wpcf7\" id=\"wpcf7-f6-o1\" lang=\"pt-BR\" dir=\"ltr\">\n<div class=\"screen-reader-response\"><p role=\"status\" aria-live=\"polite\" aria-atomic=\"true\"><\/p> <ul><\/ul><\/div>\n<form action=\"\/site\/wp-json\/wp\/v2\/pages\/7248#wpcf7-f6-o1\" method=\"post\" class=\"wpcf7-form init cf7_custom_style_1\" novalidate=\"novalidate\" data-status=\"init\">\n<div style=\"display: none;\">\n<input type=\"hidden\" name=\"_wpcf7\" value=\"6\" \/>\n<input type=\"hidden\" name=\"_wpcf7_version\" value=\"5.5.6.1\" \/>\n<input type=\"hidden\" name=\"_wpcf7_locale\" value=\"pt_BR\" \/>\n<input type=\"hidden\" name=\"_wpcf7_unit_tag\" value=\"wpcf7-f6-o1\" \/>\n<input type=\"hidden\" name=\"_wpcf7_container_post\" value=\"0\" \/>\n<input type=\"hidden\" name=\"_wpcf7_posted_data_hash\" value=\"\" \/>\n<input type=\"hidden\" name=\"_wpcf7_recaptcha_response\" value=\"\" \/>\n<\/div>\n<p><span class=\"wpcf7-form-control-wrap nome\"><input type=\"text\" name=\"nome\" value=\"\" size=\"40\" class=\"wpcf7-form-control wpcf7-text wpcf7-validates-as-required\" aria-required=\"true\" aria-invalid=\"false\" placeholder=\"Nome\" \/><\/span><br \/>\n<span class=\"wpcf7-form-control-wrap email\"><input type=\"email\" name=\"email\" value=\"\" size=\"40\" class=\"wpcf7-form-control wpcf7-text wpcf7-email wpcf7-validates-as-required wpcf7-validates-as-email\" aria-required=\"true\" aria-invalid=\"false\" placeholder=\"e-mail\" \/><\/span><br \/>\n<span class=\"wpcf7-form-control-wrap telefone\"><input type=\"text\" name=\"telefone\" value=\"\" size=\"40\" class=\"wpcf7-form-control wpcf7-text wpcf7-validates-as-required\" aria-required=\"true\" aria-invalid=\"false\" placeholder=\"telefone\" \/><\/span><br \/>\n<span class=\"wpcf7-form-control-wrap mensagem\"><textarea name=\"mensagem\" cols=\"40\" rows=\"1\" class=\"wpcf7-form-control wpcf7-textarea\" aria-invalid=\"false\" placeholder=\"mensagem\"><\/textarea><\/span><\/p>\n\n<p><button type=\"submit\" class=\"wpcf7-form-control wpcf7-submit mkdf-btn mkdf-btn-medium mkdf-btn-outline mkdf-btn-icon\"><span class=\"mkdf-btn-text\">Enviar<\/span><\/button><\/p>\n<p style=\"display: none !important;\" class=\"akismet-fields-container\" data-prefix=\"_wpcf7_ak_\"><label>&#916;<textarea name=\"_wpcf7_ak_hp_textarea\" cols=\"45\" rows=\"8\" maxlength=\"100\"><\/textarea><\/label><input type=\"hidden\" id=\"ak_js_1\" name=\"_wpcf7_ak_js\" value=\"9\"\/><script>document.getElementById( \"ak_js_1\" ).setAttribute( \"value\", ( new Date() ).getTime() );<\/script><\/p><div class=\"wpcf7-response-output\" aria-hidden=\"true\"><\/div><\/form><\/div>\t\t<\/div>\n\t<\/div>\n<\/div><\/div>[\/vc_column][\/vc_row]<\/p>\n<\/section>","protected":false},"excerpt":{"rendered":"<p>[vc_row][vc_column][\/vc_column][\/vc_row][vc_row row_content_width=&#8221;grid&#8221;][vc_column width=&#8221;5\/12&#8243;][\/vc_column][vc_column width=&#8221;7\/12&#8243; css=&#8221;.vc_custom_1653933477216{padding-top: 0px !important;padding-right: 0px !important;padding-bottom: 0px !important;padding-left: 0px !important;background-image: url(http:\/\/www.granitos.com\/site\/wp-content\/uploads\/2022\/05\/bg_row.jpg?id=7220) !important;}&#8221;][\/vc_column][\/vc_row][vc_row row_content_width=&#8221;grid&#8221; content_text_aligment=&#8221;left&#8221;][vc_column][\/vc_column][\/vc_row][vc_row][vc_column][\/vc_column][\/vc_row][vc_row][vc_column offset=&#8221;vc_col-lg-5&#8243;][\/vc_column][vc_column offset=&#8221;vc_col-lg-7&#8243;][\/vc_column][\/vc_row][vc_row][vc_column offset=&#8221;vc_col-lg-5&#8243;][\/vc_column][vc_column offset=&#8221;vc_col-lg-7&#8243;][\/vc_column][\/vc_row]<\/p>\n","protected":false},"author":1,"featured_media":0,"parent":0,"menu_order":0,"comment_status":"closed","ping_status":"closed","template":"full-width.php","meta":[],"_links":{"self":[{"href":"https:\/\/www.granitos.com\/site\/wp-json\/wp\/v2\/pages\/7248"}],"collection":[{"href":"https:\/\/www.granitos.com\/site\/wp-json\/wp\/v2\/pages"}],"about":[{"href":"https:\/\/www.granitos.com\/site\/wp-json\/wp\/v2\/types\/page"}],"author":[{"embeddable":true,"href":"https:\/\/www.granitos.com\/site\/wp-json\/wp\/v2\/users\/1"}],"replies":[{"embeddable":true,"href":"https:\/\/www.granitos.com\/site\/wp-json\/wp\/v2\/comments?post=7248"}],"version-history":[{"count":1,"href":"https:\/\/www.granitos.com\/site\/wp-json\/wp\/v2\/pages\/7248\/revisions"}],"predecessor-version":[{"id":7251,"href":"https:\/\/www.granitos.com\/site\/wp-json\/wp\/v2\/pages\/7248\/revisions\/7251"}],"wp:attachment":[{"href":"https:\/\/www.granitos.com\/site\/wp-json\/wp\/v2\/media?parent=7248"}],"curies":[{"name":"wp","href":"https:\/\/api.w.org\/{rel}","templated":true}]}}